{"id":24,"date":"2013-03-05T20:19:11","date_gmt":"2013-03-05T19:19:11","guid":{"rendered":"http:\/\/www.itxaspe.com\/BlogsDeportes\/preparacion-triatlon-zarautz\/?page_id=24"},"modified":"2013-03-14T22:36:59","modified_gmt":"2013-03-14T21:36:59","slug":"presentacion","status":"publish","type":"page","link":"https:\/\/www.itxaspe.com\/BlogsDeportes\/preparacion-triatlon-zarautz\/presentacion\/","title":{"rendered":"Presentaci\u00f3n"},"content":{"rendered":"<p>Me llamo I\u00f1aki Iraola Moyano y tengo 36 a\u00f1os ( o como suelo decir: 22 a\u00f1os con 14 de experiencia \ud83d\ude09 ).<\/p>\n<p>Trabajo en el <a href=\"http:\/\/www.imh.es\/es?set_language=es\"><strong>Instituto de M\u00e1quina Herramienta de Elgoibar<\/strong><\/a> como profesor, lo cual me permite organizarme las horas del d\u00eda y poder terminar los trabajos en casa. Esto que os cuento me parece un punto a tener en cuenta, ya que de otra manera ser\u00eda imposible poder realizar algunos de los entrenamientos de doble sesi\u00f3n.<\/p>\n<p><strong>Deporte: \u00bfdesde cuando?<\/strong><\/p>\n<p>A decir verdad, desde peque\u00f1ito he sido muy movido y me ha encantado hacer algo ( vamos, que no estaba quieto ni un segundo).<\/p>\n<p>Pero fu\u00e9 con 8 a\u00f1os cuando empec\u00e9 a practicar un deporte concreto: el ciclismo. Fueron dos las razones por las que acab\u00e9 en el deporte que tanto me gusta y tanto amo:<\/p>\n<p><img loading=\"lazy\" decoding=\"async\" class=\"alignnone\" alt=\"\" src=\"http:\/\/farm5.staticflickr.com\/4093\/4788518955_cd08382329.jpg\" width=\"500\" height=\"375\" \/><\/p>\n<ol>\n<li><strong>Para que me cansara:<\/strong> suena raro, pero llevaba varios a\u00f1os martirizando a mis padres con noches llenas de emoci\u00f3n!!! Vamos, que era sonambulo! Y, si durante el d\u00eda no agotaba toda mi energ\u00eda, a las noches aparec\u00eda mi otro yo con la gasolina que me quedaba y deambulaba por la casa, me escapaba a la calle o me sentaba en el bordillo de la ventana y me pon\u00eda a chillar o vete a saber a que&#8230;.\u00a0 Recuerdo haber estado en varios m\u00e9dicos&#8230; y, para combatir el mal, la medicina que me prescribieron fu\u00e9: ESTE NI\u00d1O TIENE QUE CANSARSE, QUE HAGA DEPORTE!<\/li>\n<li><strong>Por \u00abculpa\u00bb de un amigo: <\/strong>Aitor Izagirre. El quer\u00eda apuntarse a la escuela de ciclismo y me pidi\u00f3 que me apuntara con el. Aitor estuvo una sola temporada y me \u00ababandon\u00f3\u00bb&#8230;. Desde los 8 hasta los 20 estuve compitiendo en las diferentes categor\u00edas.<\/li>\n<\/ol>\n<p>Despu\u00e9s de los 20, tuve 2 a\u00f1os \u00abgolfos\u00bb ( me saqu\u00e9 el master de fiestas, festejos y actos sociales), pero el ciclismo me segu\u00eda llamando y volv\u00ed a responder a su llamada, aunque esta vez como cicloturista!. A su vez, empec\u00e9 a correr a pi\u00e9, monte, etc&#8230;<\/p>\n<p>Con 28 a\u00f1os entr\u00f3 Koro Gabiola en mi vida, a\u00f1adiendo m\u00e1s deportes a la misma ( yo le met\u00ed el veneno de las dos ruedas en la sangre ;-). Ciclismo de carretera, BTT, nataci\u00f3n, correr, senderismo, esqu\u00ed de fondo, etc&#8230;\u00a0 Siempre con el \u00fanico objetivo de disfrutar!<\/p>\n<div style=\"width: 510px\" class=\"wp-caption alignnone\"><img loading=\"lazy\" decoding=\"async\" alt=\"\" src=\"http:\/\/farm8.staticflickr.com\/7170\/6615449967_6e23f2ee5b.jpg\" width=\"500\" height=\"375\" \/><p class=\"wp-caption-text\">En invierno aprovecho para hacer esqu\u00ed de fondo<\/p><\/div>\n<p>Desde Enero del 2012 estamos apuntados en un grupo de nataci\u00f3n. Nos apuntamos con la idea de perfeccionar nuestro estilo\u00a0 y aprender a nadar mejor.<\/p>\n<div style=\"width: 510px\" class=\"wp-caption alignnone\"><img loading=\"lazy\" decoding=\"async\" alt=\"\" src=\"http:\/\/farm9.staticflickr.com\/8227\/8482287471_da7abe3e48.jpg\" width=\"500\" height=\"375\" \/><p class=\"wp-caption-text\">Con el grupo de nataci\u00f3n<\/p><\/div>\n<p>&nbsp;<\/p>\n<p><strong>\u00bf Por que el triatlon de Zarautz?<\/strong><\/p>\n<p>Los \u00faltimos a\u00f1os me ha llamado el triatlon, pero no me atrev\u00eda a participar en ninguno. Lo que m\u00e1s respeto me daba era el sector de nataci\u00f3n. El grupo de nataci\u00f3n ha sido determinante para que me atreviera a dar el paso y probar, ya que varios de ellos suelen participar en triatlones ( incluido el mister).<\/p>\n<p>El a\u00f1o pasado me apunt\u00e9 al <a title=\"XXVII Triatl\u00f3n internacional de Donosti ( memorial Onditz): mi primer triatl\u00f3n\" href=\"http:\/\/www.itxaspe.com\/BlogsDeportes\/MaterialDeportivo\/xxvii-triatlon-internacional-de-donosti-memorial-onditz-mi-primer-triatlon\/\">triatlon de Donostia ( memorial Onditz) <\/a>. Antes de participar, sab\u00eda que me iba a gustar&#8230;. Ya estaba decidido: <em>si acabo el triatlon y consigo disfrutarlo de principo a fin, el a\u00f1o que viene me apunto al de Zarautz!<\/em><\/p>\n<p>Dicho y hecho!<\/p>\n<div style=\"width: 510px\" class=\"wp-caption alignnone\"><img loading=\"lazy\" decoding=\"async\" alt=\"\" src=\"http:\/\/farm5.staticflickr.com\/4098\/4890790055_2d4fa97e7d.jpg\" width=\"500\" height=\"375\" \/><p class=\"wp-caption-text\">Esto hay que celebrarlo!!<\/p><\/div>\n","protected":false},"excerpt":{"rendered":"<p>Me llamo I\u00f1aki Iraola Moyano y tengo 36 a\u00f1os ( o como suelo decir: 22 a\u00f1os con 14 de experiencia \ud83d\ude09 ). Trabajo en el Instituto de M\u00e1quina Herramienta de Elgoibar como profesor, lo cual me permite organizarme las horas del d\u00eda y poder terminar los trabajos en casa. Esto que os cuento me parece [&hellip;]<\/p>\n","protected":false},"author":2,"featured_media":0,"parent":0,"menu_order":0,"comment_status":"open","ping_status":"open","template":"","meta":{"footnotes":""},"class_list":["post-24","page","type-page","status-publish","hentry"],"_links":{"self":[{"href":"https:\/\/www.itxaspe.com\/BlogsDeportes\/preparacion-triatlon-zarautz\/wp-json\/wp\/v2\/pages\/24","targetHints":{"allow":["GET"]}}],"collection":[{"href":"https:\/\/www.itxaspe.com\/BlogsDeportes\/preparacion-triatlon-zarautz\/wp-json\/wp\/v2\/pages"}],"about":[{"href":"https:\/\/www.itxaspe.com\/BlogsDeportes\/preparacion-triatlon-zarautz\/wp-json\/wp\/v2\/types\/page"}],"author":[{"embeddable":true,"href":"https:\/\/www.itxaspe.com\/BlogsDeportes\/preparacion-triatlon-zarautz\/wp-json\/wp\/v2\/users\/2"}],"replies":[{"embeddable":true,"href":"https:\/\/www.itxaspe.com\/BlogsDeportes\/preparacion-triatlon-zarautz\/wp-json\/wp\/v2\/comments?post=24"}],"version-history":[{"count":9,"href":"https:\/\/www.itxaspe.com\/BlogsDeportes\/preparacion-triatlon-zarautz\/wp-json\/wp\/v2\/pages\/24\/revisions"}],"predecessor-version":[{"id":28,"href":"https:\/\/www.itxaspe.com\/BlogsDeportes\/preparacion-triatlon-zarautz\/wp-json\/wp\/v2\/pages\/24\/revisions\/28"}],"wp:attachment":[{"href":"https:\/\/www.itxaspe.com\/BlogsDeportes\/preparacion-triatlon-zarautz\/wp-json\/wp\/v2\/media?parent=24"}],"curies":[{"name":"wp","href":"https:\/\/api.w.org\/{rel}","templated":true}]}}