{"id":5,"date":"2010-08-14T22:03:30","date_gmt":"2010-08-14T22:03:30","guid":{"rendered":"http:\/\/blog.kisale.com\/mujeres-deporte\/?page_id=2"},"modified":"2014-11-26T14:17:41","modified_gmt":"2014-11-26T14:17:41","slug":"about","status":"publish","type":"page","link":"https:\/\/www.itxaspe.com\/BlogsDeportes\/mujeres-deporte\/about\/","title":{"rendered":"Acerca de"},"content":{"rendered":"<p>Toca presentarse: me llamo Koro, nac\u00ed en 1974 y me encanta casi cualquier tipo de deporte, aunque estoy m\u00e1s centrada en : ciclismo (tanto carretera como BTT) y esqu\u00ed\u00ad de fondo. Tambi\u00e9n practico nataci\u00f3n y cuando puedo me calzo las zapatillas de correr y me voy a dar una vueltilla. El monte tambi\u00e9n me atrae, aunque como pocas veces voy los d\u00edas siguientes son un c\u00famulo de agujetas\u2026 Como v\u00e9is hago un poco de todo, pero en nada soy especialista. M\u00e1s bien soy mediocre en todos los deportes que practico, pero me encantan y estoy enganchada. En este blog tratar\u00e9 un poco de todo:<\/p>\n<ul>\n<li><strong>Material deportivo espec\u00edfico para mujeres<\/strong><\/li>\n<li><strong>Eventos deportivos dirigidos para mujeres<\/strong><\/li>\n<li><strong>Un poco sobre mis sensaciones, c\u00f3mo empec\u00e9, consejos particulares<\/strong>\u2026 \u2013 \u2026. cosas que se me vayan ocurriendo<\/li>\n<\/ul>\n<p>Aqu\u00ed ten\u00e9is toda la\u00a0 <a href=\"http:\/\/www.itxaspe.com\/BlogsDeportes\/mujeres-deporte\/presentacion-y-objetivos-del-blog-mujeres-y-deporte\/\">Presentaci\u00f3n y objetivos del blog Mujeres y Deporte<\/a><\/p>\n<p>Y aqu\u00ed algunas fotillos mias con el que siempre me acompa\u00f1a: I\u00f1aki, mi marido \ud83d\ude09<\/p>\n<p>En el monte<\/p>\n<p><a title=\"CIMG8723 by Koro Gabiola Colina, on Flickr\" href=\"https:\/\/www.flickr.com\/photos\/48196942@N00\/7774758028\"><img loading=\"lazy\" decoding=\"async\" src=\"https:\/\/farm9.staticflickr.com\/8433\/7774758028_014253bd31.jpg\" alt=\"CIMG8723\" width=\"500\" height=\"375\" \/><\/a><\/p>\n<p>&nbsp;<\/p>\n<p>Ciclismo de carretera<a title=\"IMGP2686a by Koro Gabiola Colina, on Flickr\" href=\"https:\/\/www.flickr.com\/photos\/48196942@N00\/3650441774\"><img loading=\"lazy\" decoding=\"async\" src=\"https:\/\/farm4.staticflickr.com\/3322\/3650441774_7278abedb5.jpg\" alt=\"IMGP2686a\" width=\"500\" height=\"279\" \/><\/a><\/p>\n<p>&nbsp;<\/p>\n<p>Mountain bike (si nos d\u00e1is a elegir, el deporte que m\u00e1s nos gusta, que no el que m\u00e1s practicamos)<\/p>\n<p><a title=\"DSCN0062 by Koro Gabiola Colina, on Flickr\" href=\"https:\/\/www.flickr.com\/photos\/48196942@N00\/15674822408\"><img loading=\"lazy\" decoding=\"async\" src=\"https:\/\/farm8.staticflickr.com\/7569\/15674822408_8687d8198a.jpg\" alt=\"DSCN0062\" width=\"500\" height=\"375\" \/><\/a><\/p>\n<p>&nbsp;<\/p>\n<p>En invierno y siempre que podemos : esqu\u00ed de fondo<a title=\"DSCN1026 by Koro Gabiola Colina, on Flickr\" href=\"https:\/\/www.flickr.com\/photos\/48196942@N00\/8355677828\"><img loading=\"lazy\" decoding=\"async\" src=\"https:\/\/farm9.staticflickr.com\/8071\/8355677828_68c6c58eb9.jpg\" alt=\"DSCN1026\" width=\"500\" height=\"375\" \/><\/a><\/p>\n<p>&nbsp;<\/p>\n<p>Y aqu\u00ed con algunos del grupo de nataci\u00f3n en el que tambi\u00e9n andamos.. \ud83d\ude09\u00a0<img loading=\"lazy\" decoding=\"async\" class=\"img-responsive\" src=\"http:\/\/farm9.staticflickr.com\/8290\/7534782126_fc43ab13fa.jpg\" alt=\"CIMG7830\" width=\"500\" height=\"375\" \/><\/p>\n<p>\u00a1Bienvenidos!<\/p>\n<p>Si quer\u00e9is poneros en contacto este es mi email: itxaspe[arroba]gmail.com<\/p>\n<p>&nbsp;<\/p>\n","protected":false},"excerpt":{"rendered":"<p>Toca presentarse: me llamo Koro, nac\u00ed en 1974 y me encanta casi cualquier tipo de deporte, aunque estoy m\u00e1s centrada en : ciclismo (tanto carretera como BTT) y esqu\u00ed\u00ad de fondo. Tambi\u00e9n practico nataci\u00f3n y cuando puedo me calzo las zapatillas de correr y me voy a dar una vueltilla. El monte tambi\u00e9n me atrae, [&hellip;]<\/p>\n","protected":false},"author":1,"featured_media":0,"parent":0,"menu_order":0,"comment_status":"open","ping_status":"open","template":"","meta":{"footnotes":""},"class_list":["post-5","page","type-page","status-publish","hentry"],"_links":{"self":[{"href":"https:\/\/www.itxaspe.com\/BlogsDeportes\/mujeres-deporte\/wp-json\/wp\/v2\/pages\/5","targetHints":{"allow":["GET"]}}],"collection":[{"href":"https:\/\/www.itxaspe.com\/BlogsDeportes\/mujeres-deporte\/wp-json\/wp\/v2\/pages"}],"about":[{"href":"https:\/\/www.itxaspe.com\/BlogsDeportes\/mujeres-deporte\/wp-json\/wp\/v2\/types\/page"}],"author":[{"embeddable":true,"href":"https:\/\/www.itxaspe.com\/BlogsDeportes\/mujeres-deporte\/wp-json\/wp\/v2\/users\/1"}],"replies":[{"embeddable":true,"href":"https:\/\/www.itxaspe.com\/BlogsDeportes\/mujeres-deporte\/wp-json\/wp\/v2\/comments?post=5"}],"version-history":[{"count":3,"href":"https:\/\/www.itxaspe.com\/BlogsDeportes\/mujeres-deporte\/wp-json\/wp\/v2\/pages\/5\/revisions"}],"predecessor-version":[{"id":1175,"href":"https:\/\/www.itxaspe.com\/BlogsDeportes\/mujeres-deporte\/wp-json\/wp\/v2\/pages\/5\/revisions\/1175"}],"wp:attachment":[{"href":"https:\/\/www.itxaspe.com\/BlogsDeportes\/mujeres-deporte\/wp-json\/wp\/v2\/media?parent=5"}],"curies":[{"name":"wp","href":"https:\/\/api.w.org\/{rel}","templated":true}]}}