{"id":34,"date":"2015-01-23T15:28:48","date_gmt":"2015-01-23T15:28:48","guid":{"rendered":"http:\/\/www.itxaspe.com\/BlogsDeportes\/itxaspe-pitxiak\/?page_id=34"},"modified":"2015-01-23T16:36:20","modified_gmt":"2015-01-23T16:36:20","slug":"colaboradores","status":"publish","type":"page","link":"https:\/\/www.itxaspe.com\/BlogsDeportes\/itxaspe-pitxiak\/colaboradores\/","title":{"rendered":"Colaboradores"},"content":{"rendered":"<p>Aqu\u00ed ten\u00e9is el listado de <strong>colaboradores que nos facilitan material<\/strong>. Componentes que en otro caso acabar\u00edan en la basura (no tienen ya uso) nos lo van guardando para que podamos haceros algunas de las cosas que v\u00e9is en la p\u00e1gina.<\/p>\n<div id=\"attachment_31\" style=\"width: 310px\" class=\"wp-caption alignnone\"><a href=\"http:\/\/www.itxaspe.com\/BlogsDeportes\/itxaspe-pitxiak\/files\/2015\/01\/gobike.jpg\"><img loading=\"lazy\" decoding=\"async\" aria-describedby=\"caption-attachment-31\" class=\"size-medium wp-image-31\" src=\"http:\/\/www.itxaspe.com\/BlogsDeportes\/itxaspe-pitxiak\/files\/2015\/01\/gobike-300x198.jpg\" alt=\"Gobike , tienda de bicicletas en Elgoibar - Gipuzkoa\" width=\"300\" height=\"198\" srcset=\"https:\/\/www.itxaspe.com\/BlogsDeportes\/itxaspe-pitxiak\/files\/2015\/01\/gobike-300x198.jpg 300w, https:\/\/www.itxaspe.com\/BlogsDeportes\/itxaspe-pitxiak\/files\/2015\/01\/gobike.jpg 960w\" sizes=\"auto, (max-width: 300px) 100vw, 300px\" \/><\/a><p id=\"caption-attachment-31\" class=\"wp-caption-text\"><a title=\"https:\/\/www.facebook.com\/GOBIKE.ELGOIBAR?\" href=\"https:\/\/www.facebook.com\/GOBIKE.ELGOIBAR?\">Gobike , tienda de bicicletas en Elgoibar &#8211; Gipuzkoa<\/a><\/p><\/div>\n<div id=\"attachment_43\" style=\"width: 310px\" class=\"wp-caption alignnone\"><a href=\"http:\/\/www.itxaspe.com\/BlogsDeportes\/itxaspe-pitxiak\/files\/2015\/01\/773608_135905909906946_668937039_o.jpg\"><img loading=\"lazy\" decoding=\"async\" aria-describedby=\"caption-attachment-43\" class=\"size-medium wp-image-43\" src=\"http:\/\/www.itxaspe.com\/BlogsDeportes\/itxaspe-pitxiak\/files\/2015\/01\/773608_135905909906946_668937039_o-300x111.jpg\" alt=\"Ormaetxea Bicicletas, tienda de ciclismo en Amurrio, Araba\" width=\"300\" height=\"111\" srcset=\"https:\/\/www.itxaspe.com\/BlogsDeportes\/itxaspe-pitxiak\/files\/2015\/01\/773608_135905909906946_668937039_o-300x111.jpg 300w, https:\/\/www.itxaspe.com\/BlogsDeportes\/itxaspe-pitxiak\/files\/2015\/01\/773608_135905909906946_668937039_o.jpg 851w\" sizes=\"auto, (max-width: 300px) 100vw, 300px\" \/><\/a><p id=\"caption-attachment-43\" class=\"wp-caption-text\"><a title=\"Bicicletas Ormaetxea tienda de bicicletas en Amurrio Araba\" href=\"https:\/\/www.facebook.com\/pages\/Bicicletas-Ormaetxea\/135871729910364\">Ormaetxea Bicicletas<\/a>, tienda de ciclismo en Amurrio, Araba<\/p><\/div>\n<p>\u00a1Mil gracias por vuestro trabajo! Si tienes una tienda y sueles tener material relativamente utilizable y que sueles tirar, si quieres colaborar no tienes m\u00e1s que ponerte en contacto con nosotros.. \u00a1gracias! \ud83d\ude09<\/p>\n","protected":false},"excerpt":{"rendered":"<p>Aqu\u00ed ten\u00e9is el listado de colaboradores que nos facilitan material. Componentes que en otro caso acabar\u00edan en la basura (no tienen ya uso) nos lo van guardando para que podamos haceros algunas de las cosas que v\u00e9is en la p\u00e1gina. \u00a1Mil gracias por vuestro trabajo! Si tienes una tienda y sueles tener material relativamente utilizable [&hellip;]<\/p>\n","protected":false},"author":1,"featured_media":0,"parent":0,"menu_order":3,"comment_status":"open","ping_status":"open","template":"","meta":{"footnotes":""},"class_list":["post-34","page","type-page","status-publish","hentry"],"_links":{"self":[{"href":"https:\/\/www.itxaspe.com\/BlogsDeportes\/itxaspe-pitxiak\/wp-json\/wp\/v2\/pages\/34","targetHints":{"allow":["GET"]}}],"collection":[{"href":"https:\/\/www.itxaspe.com\/BlogsDeportes\/itxaspe-pitxiak\/wp-json\/wp\/v2\/pages"}],"about":[{"href":"https:\/\/www.itxaspe.com\/BlogsDeportes\/itxaspe-pitxiak\/wp-json\/wp\/v2\/types\/page"}],"author":[{"embeddable":true,"href":"https:\/\/www.itxaspe.com\/BlogsDeportes\/itxaspe-pitxiak\/wp-json\/wp\/v2\/users\/1"}],"replies":[{"embeddable":true,"href":"https:\/\/www.itxaspe.com\/BlogsDeportes\/itxaspe-pitxiak\/wp-json\/wp\/v2\/comments?post=34"}],"version-history":[{"count":5,"href":"https:\/\/www.itxaspe.com\/BlogsDeportes\/itxaspe-pitxiak\/wp-json\/wp\/v2\/pages\/34\/revisions"}],"predecessor-version":[{"id":46,"href":"https:\/\/www.itxaspe.com\/BlogsDeportes\/itxaspe-pitxiak\/wp-json\/wp\/v2\/pages\/34\/revisions\/46"}],"wp:attachment":[{"href":"https:\/\/www.itxaspe.com\/BlogsDeportes\/itxaspe-pitxiak\/wp-json\/wp\/v2\/media?parent=34"}],"curies":[{"name":"wp","href":"https:\/\/api.w.org\/{rel}","templated":true}]}}