{"id":183,"date":"2017-04-02T18:38:27","date_gmt":"2017-04-02T18:38:27","guid":{"rendered":"http:\/\/www.itxaspe.com\/BlogsDeportes\/itxaspe-pitxiak\/?page_id=183"},"modified":"2018-07-12T17:54:00","modified_gmt":"2018-07-12T17:54:00","slug":"4-proyecto-solidario-pulseras-con-los-refugiados","status":"publish","type":"page","link":"https:\/\/www.itxaspe.com\/BlogsDeportes\/itxaspe-pitxiak\/proyecto-solidario\/4-proyecto-solidario-pulseras-con-los-refugiados\/","title":{"rendered":"4 proyecto solidario: pulseras, pendientes y colgantes con los refugiados"},"content":{"rendered":"<p>Hasta ahora los anteriores proyectos han sido \u00abbajo encargo\u00bb: alguien ped\u00eda una pulsera y me dec\u00eda qu\u00e9 tipo, qu\u00e9 tama\u00f1o, color.. \u00a0me sentaba, se la hac\u00eda al momento, y luego se la enviaba por correos.<\/p>\n<p>Actualmente no tengo tanto tiempo para poder hacer algo as\u00ed (\u00abbajo encargo\u00bb) y llevaba tiempo intentando darle vueltas a qu\u00e9 hacer. Mejor dedicar el tiempo a centrarme en un producto cada vez que me siente, hacer los que pueda durante una tarde entera en diferentes tama\u00f1os y colores e ir guard\u00e1ndolos para poderlos donar a alguna ONG o grupo solidario.<\/p>\n<p>Desde que I\u00f1aki y yo estuvimos en Lesbos en Diciembre del 2015 haciendo trabajo de voluntariado, tenemos muy presente el <strong>tema de los refugiados<\/strong>, y hemos decidido enfocar este cuarto proyecto solidario a alguna ONG o grupo que trabaje con ellos.<\/p>\n<p>Aqu\u00ed cerca conocemos a varios y tras ponernos en contacto con ellos y parecerles bien la idea, les hemos pasado diverso material para que puedan venderlo en diferentes puestos que vayan a poner para recaudar dinero. (Actualizaci\u00f3n en 2018: nos estamos centrando m\u00e1s en pendientes y tambi\u00e9n en colgantes, y hemos introducido c\u00e1psulas de caf\u00e9 recicladas en nuestras creaciones.. \ud83d\ude09<\/p>\n<p><a title=\"hotz-legazpi-pendientes-pitxiak\" href=\"https:\/\/www.flickr.com\/photos\/48196942@N00\/29496809178\/in\/datetaken-public\/\" data-flickr-embed=\"true\"><img loading=\"lazy\" decoding=\"async\" src=\"https:\/\/farm1.staticflickr.com\/915\/29496809178_5e66a4bc96_c.jpg\" alt=\"hotz-legazpi-pendientes-pitxiak\" width=\"600\" height=\"800\" \/><\/a><script async src=\"\/\/embedr.flickr.com\/assets\/client-code.js\" charset=\"utf-8\"><\/script><\/p>\n<p>De momento, aqu\u00ed ten\u00e9is las diferentes organizaciones con las que hemos abierto una colaboraci\u00f3n.<\/p>\n<ul>\n<li><a href=\"https:\/\/www.facebook.com\/smhumanitario\">Salvamento Mar\u00edtimo Humanitario<\/a><\/li>\n<li><a href=\"https:\/\/www.facebook.com\/pasaportesparaSiria\/\">Pasaportes para Siria<\/a><\/li>\n<li><a href=\"https:\/\/www.facebook.com\/hotzlegazpi\">Hotz Legazpi<\/a> : <a href=\"https:\/\/www.gipuzkoasolidarioa.info\/fevent\/3617\/hotz-legazpi-quot-katilu-solidarioak-quot\/\">https:\/\/www.gipuzkoasolidarioa.info\/fevent\/3617\/hotz-legazpi-quot-katilu-solidarioak-quot\/<\/a><\/li>\n<\/ul>\n<p><a title=\"IMG_2187\" href=\"https:\/\/www.flickr.com\/photos\/48196942@N00\/33757691376\/in\/dateposted\/\" data-flickr-embed=\"true\"><img loading=\"lazy\" decoding=\"async\" src=\"https:\/\/c1.staticflickr.com\/3\/2925\/33757691376_692c1dda84_z.jpg\" alt=\"IMG_2187\" width=\"640\" height=\"480\" \/><\/a><\/p>\n<h1>En qu\u00e9 consiste la colaboraci\u00f3n \u00abpulseras con los refugiados\u00bb<\/h1>\n<p>En lugar de destinar algo de nuestro dinero a una donaci\u00f3n mensual a alguna organizaci\u00f3n que colabore con refugiados, hemos pensado que puede ser una buena idea comprar el material con el que solemos elaborar los productos: cuero, cierres y dem\u00e1s con ese dinero que \u00edbamos a darles.. y transformarlo en pulseras, pendientes, collares, cinturones o lo que sea que seamos capaces de hacer. Este producto final se lo daremos a las organizaciones elegidas y el dinero que saquen integro de la venta ser\u00e1 para ellos.<\/p>\n<p><a title=\"2017-02-23_09-20-05\" href=\"https:\/\/www.flickr.com\/photos\/48196942@N00\/32949578371\/in\/dateposted\/\" data-flickr-embed=\"true\"><img loading=\"lazy\" decoding=\"async\" src=\"https:\/\/c1.staticflickr.com\/4\/3892\/32949578371_c2edee4b58_z.jpg\" alt=\"2017-02-23_09-20-05\" width=\"640\" height=\"640\" \/><\/a><\/p>\n<p>Iremos poniendo en nuestra p\u00e1gina d\u00f3nde ir\u00e1n vendiendo el material.<\/p>\n<p>\u00a1Esperamos que os guste la idea y sobre todo que consigamos indirectamente poder ayudar un poquillo a esta gente que tanto lo necesita! No olvidemos que ma\u00f1ana podemos ser nosotros<\/p>\n<p>#noborders #istandwithrefugees #safepassage #refugeeswelcome<\/p>\n<p><a title=\"2017-04-02_08-31-14\" href=\"https:\/\/www.flickr.com\/photos\/48196942@N00\/33642384372\/in\/dateposted\/\" data-flickr-embed=\"true\"><img loading=\"lazy\" decoding=\"async\" src=\"https:\/\/c1.staticflickr.com\/3\/2899\/33642384372_7d33403802_z.jpg\" alt=\"2017-04-02_08-31-14\" width=\"640\" height=\"640\" \/><\/a><\/p>\n","protected":false},"excerpt":{"rendered":"<p>Hasta ahora los anteriores proyectos han sido \u00abbajo encargo\u00bb: alguien ped\u00eda una pulsera y me dec\u00eda qu\u00e9 tipo, qu\u00e9 tama\u00f1o, color.. \u00a0me sentaba, se la hac\u00eda al momento, y luego se la enviaba por correos. Actualmente no tengo tanto tiempo para poder hacer algo as\u00ed (\u00abbajo encargo\u00bb) y llevaba tiempo intentando darle vueltas a qu\u00e9 [&hellip;]<\/p>\n","protected":false},"author":1,"featured_media":0,"parent":82,"menu_order":4,"comment_status":"closed","ping_status":"closed","template":"","meta":{"footnotes":""},"class_list":["post-183","page","type-page","status-publish","hentry"],"_links":{"self":[{"href":"https:\/\/www.itxaspe.com\/BlogsDeportes\/itxaspe-pitxiak\/wp-json\/wp\/v2\/pages\/183","targetHints":{"allow":["GET"]}}],"collection":[{"href":"https:\/\/www.itxaspe.com\/BlogsDeportes\/itxaspe-pitxiak\/wp-json\/wp\/v2\/pages"}],"about":[{"href":"https:\/\/www.itxaspe.com\/BlogsDeportes\/itxaspe-pitxiak\/wp-json\/wp\/v2\/types\/page"}],"author":[{"embeddable":true,"href":"https:\/\/www.itxaspe.com\/BlogsDeportes\/itxaspe-pitxiak\/wp-json\/wp\/v2\/users\/1"}],"replies":[{"embeddable":true,"href":"https:\/\/www.itxaspe.com\/BlogsDeportes\/itxaspe-pitxiak\/wp-json\/wp\/v2\/comments?post=183"}],"version-history":[{"count":6,"href":"https:\/\/www.itxaspe.com\/BlogsDeportes\/itxaspe-pitxiak\/wp-json\/wp\/v2\/pages\/183\/revisions"}],"predecessor-version":[{"id":193,"href":"https:\/\/www.itxaspe.com\/BlogsDeportes\/itxaspe-pitxiak\/wp-json\/wp\/v2\/pages\/183\/revisions\/193"}],"up":[{"embeddable":true,"href":"https:\/\/www.itxaspe.com\/BlogsDeportes\/itxaspe-pitxiak\/wp-json\/wp\/v2\/pages\/82"}],"wp:attachment":[{"href":"https:\/\/www.itxaspe.com\/BlogsDeportes\/itxaspe-pitxiak\/wp-json\/wp\/v2\/media?parent=183"}],"curies":[{"name":"wp","href":"https:\/\/api.w.org\/{rel}","templated":true}]}}