{"id":152,"date":"2015-10-20T16:11:44","date_gmt":"2015-10-20T16:11:44","guid":{"rendered":"http:\/\/www.itxaspe.com\/BlogsDeportes\/itxaspe-pitxiak\/?page_id=152"},"modified":"2016-02-10T21:03:22","modified_gmt":"2016-02-10T21:03:22","slug":"2-proyecto-solidario-afrikakind-mochilas-para-ninos-en-kenia","status":"publish","type":"page","link":"https:\/\/www.itxaspe.com\/BlogsDeportes\/itxaspe-pitxiak\/proyecto-solidario\/2-proyecto-solidario-afrikakind-mochilas-para-ninos-en-kenia\/","title":{"rendered":"2 Proyecto solidario \u2013 Afrikakind \u2013 mochilas para ni\u00f1os en Kenia"},"content":{"rendered":"<p>Tras el \u00e9xito del primer proyecto junto a Thomas (<a href=\"http:\/\/www.itxaspe.com\/BlogsDeportes\/itxaspe-pitxiak\/1-proyecto-solidario-afrikakind-bicicletas-para-ninos-en-kenia\/\">1 Proyecto solidario \u2013 Afrikakind \u2013 bicicletas para ni\u00f1os en Kenia<\/a>), lanzamos un segundo proyecto tambi\u00e9n junto a \u00e9l.<\/p>\n<p>Tras hablar con Thomas de nuevo, est\u00e1 interesado en conseguir 100 mochilas de este tipo para Enero del 2016. Nos ha propuesto que colaboremos con lo que vayamos consiguiendo desde Itxaspe Pitxiak<\/p>\n<p><a title=\"sam_0144\" href=\"https:\/\/www.flickr.com\/photos\/48196942@N00\/21713575793\/in\/dateposted-public\/\" data-flickr-embed=\"true\"><img loading=\"lazy\" decoding=\"async\" src=\"https:\/\/farm6.staticflickr.com\/5829\/21713575793_046c0b8cf5_z.jpg\" alt=\"sam_0144\" width=\"480\" height=\"640\" \/><\/a><script src=\"\/\/embedr.flickr.com\/assets\/client-code.js\" async=\"\" charset=\"utf-8\"><\/script><a title=\"sam_0201\" href=\"https:\/\/www.flickr.com\/photos\/48196942@N00\/22334664545\/in\/dateposted-public\/\" data-flickr-embed=\"true\"><img loading=\"lazy\" decoding=\"async\" src=\"https:\/\/farm6.staticflickr.com\/5660\/22334664545_206ba58b46_z.jpg\" alt=\"sam_0201\" width=\"480\" height=\"640\" \/><\/a><script src=\"\/\/embedr.flickr.com\/assets\/client-code.js\" async=\"\" charset=\"utf-8\"><\/script><\/p>\n<p><a title=\"sam_0400\" href=\"https:\/\/www.flickr.com\/photos\/48196942@N00\/22308617186\/in\/dateposted-public\/\" data-flickr-embed=\"true\"><img loading=\"lazy\" decoding=\"async\" src=\"https:\/\/farm1.staticflickr.com\/667\/22308617186_75826222ce_z.jpg\" alt=\"sam_0400\" width=\"640\" height=\"480\" \/><\/a><script src=\"\/\/embedr.flickr.com\/assets\/client-code.js\" async=\"\" charset=\"utf-8\"><\/script>Y la verdad, es que nos parece bien. 1000 euros = 100 mochilas aproximadamente.. 100 ni\u00f1os a los que se les dar\u00e1 una mochila de gran calidad y que esperemos les dure mucho.. <i class=\"_4-k1 img sp_fM-mz8spZ1b sx_7f72ac\"><u>Emoticono wink<\/u><\/i> Tendr\u00e1n un logo de Itxaspe&amp;Friends (porque ser\u00e1n<span class=\"text_exposed_show\"> gracias a vosotros) junto con el de <a href=\"http:\/\/l.facebook.com\/l.php?u=http%3A%2F%2Fafrikakind.com%2F&amp;h=DAQFhd4QxAQFuBnbVOf8PSpV3aalIGCBrP0aZdxktCu70sg&amp;enc=AZMdHxJXTTcPahwbp3kHSsv9X7Nb6_AaMU9SxlxWALvnG9paD-_C2AoLHMtaH5UUSQZBF-U_hWIgiZ7SFf5C4-2XJGYGARUsNyr3TNsDAA7jBhJ1mNuFaVcrA4osp7SAU7GJgLH5S9V2wWPZZcIfjwwAjqZI350fC5CgoYt-PiyR17Gt1VqaaQItE80whS2IdzWJZm6Osr-smaiv6G3kYL3k&amp;s=1\" target=\"_blank\" rel=\"nofollow\">afrikakind.com<\/a> <\/span> <\/p>\n<div class=\"text_exposed_show\"><strong>PRODUCTOS QUE FORMAN PARTE DEL PROYECTO <\/strong> Para conseguir el dinero para las mochilas, hacemos productos con material de bicicleta reciclado <a title=\"20150318_175127_1 by Koro Gabiola Colina, on Flickr\" href=\"https:\/\/www.flickr.com\/photos\/48196942@N00\/16648241297\"><img loading=\"lazy\" decoding=\"async\" class=\"img-responsive\" src=\"https:\/\/farm9.staticflickr.com\/8594\/16648241297_4c447068ab.jpg\" alt=\"20150318_175127_1\" width=\"500\" height=\"417\" \/><\/a><a title=\"16615838408_43d8e15d94_o by Koro Gabiola Colina, on Flickr\" href=\"https:\/\/www.flickr.com\/photos\/48196942@N00\/16234785843\"><img loading=\"lazy\" decoding=\"async\" class=\"img-responsive\" src=\"https:\/\/farm8.staticflickr.com\/7601\/16234785843_ec306cf50d.jpg\" alt=\"16615838408_43d8e15d94_o\" width=\"500\" height=\"238\" \/><\/a><\/p>\n<ul>\n<li><strong>Cintur\u00f3n BTT<\/strong> : 38 \u20ac (5\u20ac para material+env\u00edo y 33\u20ac para el proyecto).<\/li>\n<li><strong>Cintur\u00f3n carretera<\/strong> : 35 \u20ac (5\u20ac para material+env\u00edo y 30\u20ac para el proyecto).<\/li>\n<li><strong>Cintur\u00f3n (BTT o carretera) + llaverito con material de bicicleta reciclado<\/strong> para colaborar m\u00e1s con el proyecto: 40 \u20ac (5\u20ac para material + env\u00edo y 35\u20ac para el proyecto).<\/li>\n<\/ul>\n<p><a title=\"20150505_144314_1 by Koro Gabiola Colina, on Flickr\" href=\"https:\/\/www.flickr.com\/photos\/48196942@N00\/17376879382\"><img loading=\"lazy\" decoding=\"async\" class=\"img-responsive\" src=\"https:\/\/farm9.staticflickr.com\/8834\/17376879382_1bf88ffefe.jpg\" alt=\"20150505_144314_1\" width=\"488\" height=\"500\" \/><\/a><\/p>\n<ul>\n<li><strong>Pendientes y collar<\/strong>: 20 euros (3 euros para gastos de env\u00edo y material y \u20ac17 para el proyecto). Hechos con c\u00e1mara de bicicleta reciclada, cuero, bolitas de madera de color, eslabones de cadena y aros separadores de eslabones de cadena<\/li>\n<li><strong>Pendientes, collar y pulsera<\/strong>: 35\u20ac (30\u20ac para el proyecto)<\/li>\n<li><strong>Pendientes, collar, pulsera y llavero<\/strong>: 40\u20ac (35\u20ac para el proyecto)<\/li>\n<\/ul>\n<p>Los colores a elegir para estos conjuntos<a title=\"20150504_144529_1 by Koro Gabiola Colina, on Flickr\" href=\"https:\/\/www.flickr.com\/photos\/48196942@N00\/17179158878\"><img loading=\"lazy\" decoding=\"async\" class=\"img-responsive\" src=\"https:\/\/farm9.staticflickr.com\/8687\/17179158878_bf4b5db43f.jpg\" alt=\"20150504_144529_1\" width=\"500\" height=\"142\" \/><\/a><\/p>\n<ul>\n<li>Alg\u00fan otro tema que quer\u00e1is tratar con los productos que hacemos y pod\u00e9is ver en las <a title=\"https:\/\/www.flickr.com\/photos\/48196942@N00\/sets\/72157648719661877\/\" href=\"https:\/\/www.flickr.com\/photos\/48196942@N00\/sets\/72157648719661877\/\">fotos de Itxaspe Pitxiak<\/a> , y adem\u00e1s productos hechos espec\u00edficamente para el proyecto y que iremos poniendo en el Album de fotos de productos del segundo proyecto<\/li>\n<\/ul>\n<p>Si quer\u00e9is, tambi\u00e9n pod\u00edais\u00a0hacer alguna donaci\u00f3n sin m\u00e1s, la cu\u00e1l ir\u00eda\u00a0integra al proyecto <strong>C\u00d3MO HAB\u00cdA QUE HACER\u00a0EL PEDIDO Y PONERSE EN COLA<\/strong> Se hac\u00eda el pedido mediante un formulario y nos pon\u00edamos en contacto para tratar el tema. <strong>N\u00daMERO DE CUENTA<\/strong> Una vez nos hayamos puesto en contacto y\u00a0hayamos acordado el producto y env\u00edo (en el concepto de la transferencia poner : NOMBRE Y APELLIDOS +\u00a0CINTURON), o si quer\u00e9is\u00a0se puede hacer sin m\u00e1s\u00a0una donaci\u00f3n (En el concepto de la transferencia poner : NOMBRE Y APELLIDOS + DONACI\u00d3N)\u00a0, este es el\u00a0n\u00famero de cuenta en el que hay que ingresar el dinero<\/p>\n<ul>\n<li>ES92 3035 0007 29 0071130778 \u2013 Caja Laboral \u2013 Titular: Koro Gabiola Colina (la menda)<\/li>\n<\/ul>\n<p>\u00a0\u00a0 <strong>TRANSPARENCIA<\/strong> Quienes nos conocen supongo que no tendr\u00e1n dudas al respecto, pero espero que mucha gente se interese y no nos conozca, as\u00ed que aqu\u00ed ten\u00e9is algo de info de nosotros\u00a0<a title=\"http:\/\/www.itxaspe.com\/quienes-somos\/\" href=\"http:\/\/www.itxaspe.com\/quienes-somos\/\">http:\/\/www.itxaspe.com\/quienes-somos\/<\/a> Lo intentamos hacer lo mejor posible, y peri\u00f3dicamente iremos publicando fotos con los movimientos de las transferencias (en\u00a0<a title=\"https:\/\/www.facebook.com\/itxaspepitxiak\" href=\"https:\/\/www.facebook.com\/itxaspepitxiak\">https:\/\/www.facebook.com\/itxaspepitxiak<\/a>)<\/p>\n<ul>\n<li>Fotos del segundo\u00a0proyecto:\u00a0<a href=\"https:\/\/www.facebook.com\/media\/set\/?set=a.1106570759377900.1073741851.877829595585352\">https:\/\/www.facebook.com\/media\/set\/?set=a.1106570759377900.1073741851.877829595585352<\/a><\/li>\n<li>Movimientos de dinero del segundo proyecto:\u00a0<a href=\"https:\/\/www.facebook.com\/media\/set\/?set=a.1047824261919217.1073741850.877829595585352&amp;type=3\">https:\/\/www.facebook.com\/media\/set\/?set=a.1047824261919217.1073741850.877829595585352&amp;type=3<\/a><\/li>\n<li>Material del segundo\u00a0proyecto:\u00a0<a href=\"https:\/\/www.facebook.com\/media\/set\/?set=a.1041420805892896.1073741849.877829595585352&amp;type=3\">https:\/\/www.facebook.com\/media\/set\/?set=a.1041420805892896.1073741849.877829595585352&amp;type=3<\/a><\/li>\n<\/ul>\n<p>\u00a0 \u00a0 <strong>FINALIZACI\u00d3N DEL SEGUNDO PROYECTO<\/strong> En Diciembre del 2015 hablamos con Thomas y nos dice que la compra est\u00e1 ya lanzada. Viendo que nos vamos de Navidades solidarias a Lesbos, creemos que lo mejor es dejar el proyecto cerrado antes de irnos. El 22 de Diciembre y\u00a0\u00a0GRACIAS A VOSOTROS 402 \u20ac son transferidos a la cuenta de Thomas para la compra de mochilas para ni\u00f1os en Kenia. Thomas pondr\u00e1 la parte que falta. Desde entonces y hasta hoy en d\u00eda (estamos a 10 de Febrero) Thomas ha ido haciendo entrega en diferentes sitios de las mochilas a diferentes grupos de ni\u00f1os, y aqu\u00ed ten\u00e9is unas cu\u00e1ntas fotos de las entregas.. \ud83d\ude09 <a title=\"sam_0581\" href=\"https:\/\/www.flickr.com\/photos\/48196942@N00\/24311003884\/in\/dateposted-public\/\" data-flickr-embed=\"true\"><img loading=\"lazy\" decoding=\"async\" src=\"https:\/\/farm2.staticflickr.com\/1646\/24311003884_fc3f201cf0.jpg\" alt=\"sam_0581\" width=\"500\" height=\"375\" \/><\/a><script src=\"\/\/embedr.flickr.com\/assets\/client-code.js\" async=\"\" type=\"mce-mce-mce-no\/type\" charset=\"utf-8\"><\/script><\/p>\n<p><a title=\"sam_0117 (1)\" href=\"https:\/\/www.flickr.com\/photos\/48196942@N00\/24314750293\/in\/dateposted-public\/\" data-flickr-embed=\"true\"><img loading=\"lazy\" decoding=\"async\" src=\"https:\/\/farm2.staticflickr.com\/1493\/24314750293_3fe8c4e95c.jpg\" alt=\"sam_0117 (1)\" width=\"375\" height=\"500\" \/><\/a><script src=\"\/\/embedr.flickr.com\/assets\/client-code.js\" async=\"\" type=\"mce-mce-mce-no\/type\" charset=\"utf-8\"><\/script><a title=\"12710797_10153855192252412_6939406177884752628_o\" href=\"https:\/\/www.flickr.com\/photos\/48196942@N00\/24314748903\/in\/dateposted-public\/\" data-flickr-embed=\"true\"><img loading=\"lazy\" decoding=\"async\" src=\"https:\/\/farm2.staticflickr.com\/1561\/24314748903_9f895705ee.jpg\" alt=\"12710797_10153855192252412_6939406177884752628_o\" width=\"500\" height=\"375\" \/><\/a><script src=\"\/\/embedr.flickr.com\/assets\/client-code.js\" async=\"\" type=\"mce-mce-mce-no\/type\" charset=\"utf-8\"><\/script><\/p>\n<ul>\n<li><a href=\"https:\/\/www.flickr.com\/photos\/48196942@N00\/albums\/72157660080956762\">Fotos en Flickr del segundo de los proyectos<\/a><\/li>\n<\/ul>\n<p>\u00a1Me encanta! y todo esto.. \u00a1gracias a vosotros y a Thomas! \ud83d\ude09<br \/>\nAhora, a ver si ya volvemos a la normalidad y podemos pensar en hacer un tercer proyecto..<\/p>\n<\/div>\n","protected":false},"excerpt":{"rendered":"<p>Tras el \u00e9xito del primer proyecto junto a Thomas (1 Proyecto solidario \u2013 Afrikakind \u2013 bicicletas para ni\u00f1os en Kenia), lanzamos un segundo proyecto tambi\u00e9n junto a \u00e9l. Tras hablar con Thomas de nuevo, est\u00e1 interesado en conseguir 100 mochilas de este tipo para Enero del 2016. Nos ha propuesto que colaboremos con lo que [&hellip;]<\/p>\n","protected":false},"author":1,"featured_media":0,"parent":82,"menu_order":2,"comment_status":"open","ping_status":"open","template":"","meta":{"footnotes":""},"class_list":["post-152","page","type-page","status-publish","hentry"],"_links":{"self":[{"href":"https:\/\/www.itxaspe.com\/BlogsDeportes\/itxaspe-pitxiak\/wp-json\/wp\/v2\/pages\/152","targetHints":{"allow":["GET"]}}],"collection":[{"href":"https:\/\/www.itxaspe.com\/BlogsDeportes\/itxaspe-pitxiak\/wp-json\/wp\/v2\/pages"}],"about":[{"href":"https:\/\/www.itxaspe.com\/BlogsDeportes\/itxaspe-pitxiak\/wp-json\/wp\/v2\/types\/page"}],"author":[{"embeddable":true,"href":"https:\/\/www.itxaspe.com\/BlogsDeportes\/itxaspe-pitxiak\/wp-json\/wp\/v2\/users\/1"}],"replies":[{"embeddable":true,"href":"https:\/\/www.itxaspe.com\/BlogsDeportes\/itxaspe-pitxiak\/wp-json\/wp\/v2\/comments?post=152"}],"version-history":[{"count":7,"href":"https:\/\/www.itxaspe.com\/BlogsDeportes\/itxaspe-pitxiak\/wp-json\/wp\/v2\/pages\/152\/revisions"}],"predecessor-version":[{"id":167,"href":"https:\/\/www.itxaspe.com\/BlogsDeportes\/itxaspe-pitxiak\/wp-json\/wp\/v2\/pages\/152\/revisions\/167"}],"up":[{"embeddable":true,"href":"https:\/\/www.itxaspe.com\/BlogsDeportes\/itxaspe-pitxiak\/wp-json\/wp\/v2\/pages\/82"}],"wp:attachment":[{"href":"https:\/\/www.itxaspe.com\/BlogsDeportes\/itxaspe-pitxiak\/wp-json\/wp\/v2\/media?parent=152"}],"curies":[{"name":"wp","href":"https:\/\/api.w.org\/{rel}","templated":true}]}}