{"id":87,"date":"2013-02-20T23:14:03","date_gmt":"2013-02-20T22:14:03","guid":{"rendered":"http:\/\/www.itxaspe.com\/BlogsDeportes\/estados-unidos-en-bicicleta\/?page_id=87"},"modified":"2019-04-06T20:30:09","modified_gmt":"2019-04-06T19:30:09","slug":"papeleo","status":"publish","type":"page","link":"https:\/\/www.itxaspe.com\/BlogsDeportes\/estados-unidos-en-bicicleta\/enlaces-interesantes\/papeleo\/","title":{"rendered":"PAPELEO"},"content":{"rendered":"<ul>\n<li><a href=\"http:\/\/spanish.madrid.usembassy.gov\/\">http:\/\/spanish.madrid.usembassy.gov<\/a>: Embajada estadounidense en Madrid<\/li>\n<li><a title=\"Es necesario el pasaporte electr\u00f3nico para entrar en Estados Unidos?\" href=\"http:\/\/www.itxaspe.com\/BlogsDeportes\/estados-unidos-en-bicicleta\/es-necesario-pasaporte-electronico-para-viajar-a-eeuu\/\">\u00bfEs necesario el pasaporte electr\u00f3nico para entrar en estados Unidos?<\/a><\/li>\n<\/ul>\n<p><strong>\u00bfHACE FALTA VISADO?<\/strong><\/p>\n<p>Visado en el momento actual y por las condiciones de nuestro viaje no nos hace falta (programa exenci\u00f3n de visado: <a href=\"http:\/\/spanish.madrid.usembassy.gov\/es\/visas\/sin-visado.html\">http:\/\/spanish.madrid.usembassy.gov\/es\/visas\/sin-visado.html<\/a>)pero tenemos que rellenar una autorizaci\u00f3n de viaje a los EEUU(ESTA)<\/p>\n<h1>C\u00f3mo rellenar la autorizaci\u00f3n de viaje a los Estados Unidos (ESTA)<\/h1>\n<p><a href=\"http:\/\/viajes.practicopedia.lainformacion.com\/consejos-para-viajar\/como-rellenar-la-autorizacion-de-viaje-a-los-estados-unidos-esta-10322\">http:\/\/viajes.practicopedia.lainformacion.com\/consejos-para-viajar\/como-rellenar-la-autorizacion-de-viaje-a-los-estados-unidos-esta-10322<\/a><\/p>\n<p>De momento no podemos hacerlo, porque hasta que no tenga yo tambi\u00e9n el pasaporte nuevo no puedo, as\u00ed que otra cosa m\u00e1s retrasada.<\/p>\n","protected":false},"excerpt":{"rendered":"<p>http:\/\/spanish.madrid.usembassy.gov: Embajada estadounidense en Madrid \u00bfEs necesario el pasaporte electr\u00f3nico para entrar en estados Unidos? \u00bfHACE FALTA VISADO? Visado en el momento actual y por las condiciones de nuestro viaje no nos hace falta (programa exenci\u00f3n de visado: http:\/\/spanish.madrid.usembassy.gov\/es\/visas\/sin-visado.html)pero tenemos que rellenar una autorizaci\u00f3n de viaje a los EEUU(ESTA) C\u00f3mo rellenar la autorizaci\u00f3n de viaje [&hellip;]<\/p>\n","protected":false},"author":1,"featured_media":0,"parent":53,"menu_order":0,"comment_status":"open","ping_status":"open","template":"","meta":{"footnotes":""},"class_list":["post-87","page","type-page","status-publish","hentry"],"_links":{"self":[{"href":"https:\/\/www.itxaspe.com\/BlogsDeportes\/estados-unidos-en-bicicleta\/wp-json\/wp\/v2\/pages\/87","targetHints":{"allow":["GET"]}}],"collection":[{"href":"https:\/\/www.itxaspe.com\/BlogsDeportes\/estados-unidos-en-bicicleta\/wp-json\/wp\/v2\/pages"}],"about":[{"href":"https:\/\/www.itxaspe.com\/BlogsDeportes\/estados-unidos-en-bicicleta\/wp-json\/wp\/v2\/types\/page"}],"author":[{"embeddable":true,"href":"https:\/\/www.itxaspe.com\/BlogsDeportes\/estados-unidos-en-bicicleta\/wp-json\/wp\/v2\/users\/1"}],"replies":[{"embeddable":true,"href":"https:\/\/www.itxaspe.com\/BlogsDeportes\/estados-unidos-en-bicicleta\/wp-json\/wp\/v2\/comments?post=87"}],"version-history":[{"count":4,"href":"https:\/\/www.itxaspe.com\/BlogsDeportes\/estados-unidos-en-bicicleta\/wp-json\/wp\/v2\/pages\/87\/revisions"}],"predecessor-version":[{"id":2817,"href":"https:\/\/www.itxaspe.com\/BlogsDeportes\/estados-unidos-en-bicicleta\/wp-json\/wp\/v2\/pages\/87\/revisions\/2817"}],"up":[{"embeddable":true,"href":"https:\/\/www.itxaspe.com\/BlogsDeportes\/estados-unidos-en-bicicleta\/wp-json\/wp\/v2\/pages\/53"}],"wp:attachment":[{"href":"https:\/\/www.itxaspe.com\/BlogsDeportes\/estados-unidos-en-bicicleta\/wp-json\/wp\/v2\/media?parent=87"}],"curies":[{"name":"wp","href":"https:\/\/api.w.org\/{rel}","templated":true}]}}