{"id":53,"date":"2013-02-13T13:10:49","date_gmt":"2013-02-13T12:10:49","guid":{"rendered":"http:\/\/www.itxaspe.com\/BlogsDeportes\/estados-unidos-en-bicicleta\/?page_id=53"},"modified":"2019-04-06T20:27:59","modified_gmt":"2019-04-06T19:27:59","slug":"enlaces-interesantes","status":"publish","type":"page","link":"https:\/\/www.itxaspe.com\/BlogsDeportes\/estados-unidos-en-bicicleta\/enlaces-interesantes\/","title":{"rendered":"ENLACES INTERESANTES"},"content":{"rendered":"<p>Aqu\u00ed ten\u00e9is una recopilaci\u00f3n de Enlaces Interesantes con informaci\u00f3n que hemos podido leer del viaje. Iremos a\u00f1adiendo un mont\u00f3n de ellos.. \ud83d\ude09<\/p>\n<ul>\n<li><a title=\"Medios de transporte\" href=\"http:\/\/www.itxaspe.com\/BlogsDeportes\/estados-unidos-en-bicicleta\/enlaces-interesantes\/medios-de-transporte\/\">Enlaces sobre medios de transporte&nbsp;<\/a><\/li>\n<li><a title=\"Foros y webs de consulta sobre viajes de largo recorrido\" href=\"http:\/\/www.itxaspe.com\/BlogsDeportes\/estados-unidos-en-bicicleta\/enlaces-interesantes\/foros-y-webs-de-consulta\/\">Foros y webs de consulta&nbsp;<\/a><\/li>\n<\/ul>\n<p>&nbsp;<\/p>\n","protected":false},"excerpt":{"rendered":"<p>Aqu\u00ed ten\u00e9is una recopilaci\u00f3n de Enlaces Interesantes con informaci\u00f3n que hemos podido leer del viaje. Iremos a\u00f1adiendo un mont\u00f3n de ellos.. \ud83d\ude09 Enlaces sobre medios de transporte&nbsp; Foros y webs de consulta&nbsp; &nbsp;<\/p>\n","protected":false},"author":1,"featured_media":0,"parent":0,"menu_order":6,"comment_status":"open","ping_status":"open","template":"","meta":{"footnotes":""},"class_list":["post-53","page","type-page","status-publish","hentry"],"_links":{"self":[{"href":"https:\/\/www.itxaspe.com\/BlogsDeportes\/estados-unidos-en-bicicleta\/wp-json\/wp\/v2\/pages\/53","targetHints":{"allow":["GET"]}}],"collection":[{"href":"https:\/\/www.itxaspe.com\/BlogsDeportes\/estados-unidos-en-bicicleta\/wp-json\/wp\/v2\/pages"}],"about":[{"href":"https:\/\/www.itxaspe.com\/BlogsDeportes\/estados-unidos-en-bicicleta\/wp-json\/wp\/v2\/types\/page"}],"author":[{"embeddable":true,"href":"https:\/\/www.itxaspe.com\/BlogsDeportes\/estados-unidos-en-bicicleta\/wp-json\/wp\/v2\/users\/1"}],"replies":[{"embeddable":true,"href":"https:\/\/www.itxaspe.com\/BlogsDeportes\/estados-unidos-en-bicicleta\/wp-json\/wp\/v2\/comments?post=53"}],"version-history":[{"count":6,"href":"https:\/\/www.itxaspe.com\/BlogsDeportes\/estados-unidos-en-bicicleta\/wp-json\/wp\/v2\/pages\/53\/revisions"}],"predecessor-version":[{"id":2811,"href":"https:\/\/www.itxaspe.com\/BlogsDeportes\/estados-unidos-en-bicicleta\/wp-json\/wp\/v2\/pages\/53\/revisions\/2811"}],"wp:attachment":[{"href":"https:\/\/www.itxaspe.com\/BlogsDeportes\/estados-unidos-en-bicicleta\/wp-json\/wp\/v2\/media?parent=53"}],"curies":[{"name":"wp","href":"https:\/\/api.w.org\/{rel}","templated":true}]}}