{"id":2,"date":"2013-02-05T16:14:57","date_gmt":"2013-02-05T16:14:57","guid":{"rendered":"http:\/\/www.itxaspe.com\/BlogsDeportes\/estados-unidos-en-bicicleta\/?page_id=2"},"modified":"2019-04-06T20:25:30","modified_gmt":"2019-04-06T19:25:30","slug":"quienes-somos","status":"publish","type":"page","link":"https:\/\/www.itxaspe.com\/BlogsDeportes\/estados-unidos-en-bicicleta\/quienes-somos\/","title":{"rendered":"QUIENES SOMOS"},"content":{"rendered":"<p>Somos una pareja de Elgoibar-Gipuzkoa, Koro e I\u00f1aki. Si quer\u00e9is conocernos mejor <a href=\"http:\/\/www.itxaspe.com\/quienes-somos\/\">http:\/\/www.itxaspe.com\/quienes-somos\/<\/a><\/p>\n<p>En 2013 se nos presenta una oportunidad de momento \u00fanica en la vida, aprovechar 2 meses en la \u00e9poca de verano para coger las bicis, alforjas o carrito y cruzar el charco para conocer un pais totalmente desconocido para nosotros: EEUU<\/p>\n<p>Y aqu\u00ed estamos, creando este blog en el que iremos plasmando todo el viaje.. desde el principio.. Por si alg\u00fan d\u00eda os puede servir de gu\u00eda.. o sin m\u00e1s.. por si os apetece leerlo y conocer aquello a trav\u00e9s de nuestros ojos.. \ud83d\ude09<\/p>\n<div style=\"width: 510px\" class=\"wp-caption alignnone\"><img loading=\"lazy\" decoding=\"async\" src=\"http:\/\/farm2.static.flickr.com\/1324\/1332099805_b717e40fdb.jpg\" alt=\"\" width=\"500\" height=\"375\" \/><p class=\"wp-caption-text\">Foto sacada en nuestras vacaciones por Alpes &#8211; Annecy 2010<\/p><\/div>\n<p>\u00a1Bienvenidos!<\/p>\n","protected":false},"excerpt":{"rendered":"<p>Somos una pareja de Elgoibar-Gipuzkoa, Koro e I\u00f1aki. Si quer\u00e9is conocernos mejor http:\/\/www.itxaspe.com\/quienes-somos\/ En 2013 se nos presenta una oportunidad de momento \u00fanica en la vida, aprovechar 2 meses en la \u00e9poca de verano para coger las bicis, alforjas o carrito y cruzar el charco para conocer un pais totalmente desconocido para nosotros: EEUU Y [&hellip;]<\/p>\n","protected":false},"author":1,"featured_media":0,"parent":0,"menu_order":0,"comment_status":"open","ping_status":"open","template":"","meta":{"footnotes":""},"class_list":["post-2","page","type-page","status-publish","hentry"],"_links":{"self":[{"href":"https:\/\/www.itxaspe.com\/BlogsDeportes\/estados-unidos-en-bicicleta\/wp-json\/wp\/v2\/pages\/2","targetHints":{"allow":["GET"]}}],"collection":[{"href":"https:\/\/www.itxaspe.com\/BlogsDeportes\/estados-unidos-en-bicicleta\/wp-json\/wp\/v2\/pages"}],"about":[{"href":"https:\/\/www.itxaspe.com\/BlogsDeportes\/estados-unidos-en-bicicleta\/wp-json\/wp\/v2\/types\/page"}],"author":[{"embeddable":true,"href":"https:\/\/www.itxaspe.com\/BlogsDeportes\/estados-unidos-en-bicicleta\/wp-json\/wp\/v2\/users\/1"}],"replies":[{"embeddable":true,"href":"https:\/\/www.itxaspe.com\/BlogsDeportes\/estados-unidos-en-bicicleta\/wp-json\/wp\/v2\/comments?post=2"}],"version-history":[{"count":5,"href":"https:\/\/www.itxaspe.com\/BlogsDeportes\/estados-unidos-en-bicicleta\/wp-json\/wp\/v2\/pages\/2\/revisions"}],"predecessor-version":[{"id":2807,"href":"https:\/\/www.itxaspe.com\/BlogsDeportes\/estados-unidos-en-bicicleta\/wp-json\/wp\/v2\/pages\/2\/revisions\/2807"}],"wp:attachment":[{"href":"https:\/\/www.itxaspe.com\/BlogsDeportes\/estados-unidos-en-bicicleta\/wp-json\/wp\/v2\/media?parent=2"}],"curies":[{"name":"wp","href":"https:\/\/api.w.org\/{rel}","templated":true}]}}