{"id":141,"date":"2013-03-04T15:59:15","date_gmt":"2013-03-04T14:59:15","guid":{"rendered":"http:\/\/www.itxaspe.com\/BlogsDeportes\/estados-unidos-en-bicicleta\/?page_id=141"},"modified":"2019-04-06T20:29:19","modified_gmt":"2019-04-06T19:29:19","slug":"equipaje-para-un-viaje-en-bicicleta-largo","status":"publish","type":"page","link":"https:\/\/www.itxaspe.com\/BlogsDeportes\/estados-unidos-en-bicicleta\/enlaces-interesantes\/equipaje-para-un-viaje-en-bicicleta-largo\/","title":{"rendered":"EQUIPAJE PARA UN VIAJE EN BICICLETA LARGO"},"content":{"rendered":"<p><strong>Qu\u00e9 equipaje llevar para viaje en bici<\/strong><\/p>\n<p>Cuando ya tengamos todo organizado, escribiremos un art\u00edculo para ense\u00f1aros lo que llevamos. Y luego al final del viaje haremos una revisi\u00f3n indic\u00e1ndo qu\u00e9 es prescindible de lo que hemos llevado y en qu\u00e9 la hemos liado.<\/p>\n<p>Iremos metiendo poco a poco cosas para que no se nos olviden<\/p>\n<ul>\n<li>Adaptador de corriente: <a title=\"Enchufes y electricidad en Estados unidos adaptadores\" href=\"http:\/\/www.itxaspe.com\/BlogsDeportes\/estados-unidos-en-bicicleta\/enchufes-y-electricidad-en-estados-unidos-adaptadores\/\">Enchufes y electricidad en Estados Unidos: adaptadores<\/a><\/li>\n<\/ul>\n<p>Mientras tanto, vamos aqu\u00ed recopilando enlaces en los que se habla de equipaje a llevar en un viaje en bicicleta largo<\/p>\n<p><a href=\"http:\/\/www.rodadas.net\/2007\/09\/12\/equipaje-para-un-viaje-en-bici-de-entre-5-dias-y-un-mes\/#.UTS0vJR4pUR\">http:\/\/www.rodadas.net\/2007\/09\/12\/equipaje-para-un-viaje-en-bici-de-entre-5-dias-y-un-mes\/#.UTS0vJR4pUR<\/a><\/p>\n<div class=\"aside\" id=\"secondary-2\">\n<div class=\"widget widget_text\" id=\"text-2\">\n<div class=\"widget-content\">\n<div style=\"position: relative; top: -10px;\">\n<h3 class=\"widget-title\">Colaboradores<\/h3>\n<\/div>\n<div class=\"textwidget\"><a><img decoding=\"async\" alt=\"\" src=\"http:\/\/www.kisale.es\/static\/img\/logoa.png\"><\/a><\/div>\n<\/div>\n<\/div>\n<\/div>\n<h1 class=\"entry-title\">Enchufes y electricidad en Estados Unidos: adaptadores<\/h1>\n","protected":false},"excerpt":{"rendered":"<p>Qu\u00e9 equipaje llevar para viaje en bici Cuando ya tengamos todo organizado, escribiremos un art\u00edculo para ense\u00f1aros lo que llevamos. Y luego al final del viaje haremos una revisi\u00f3n indic\u00e1ndo qu\u00e9 es prescindible de lo que hemos llevado y en qu\u00e9 la hemos liado. Iremos metiendo poco a poco cosas para que no se nos [&hellip;]<\/p>\n","protected":false},"author":1,"featured_media":0,"parent":53,"menu_order":0,"comment_status":"open","ping_status":"open","template":"","meta":{"footnotes":""},"class_list":["post-141","page","type-page","status-publish","hentry"],"_links":{"self":[{"href":"https:\/\/www.itxaspe.com\/BlogsDeportes\/estados-unidos-en-bicicleta\/wp-json\/wp\/v2\/pages\/141","targetHints":{"allow":["GET"]}}],"collection":[{"href":"https:\/\/www.itxaspe.com\/BlogsDeportes\/estados-unidos-en-bicicleta\/wp-json\/wp\/v2\/pages"}],"about":[{"href":"https:\/\/www.itxaspe.com\/BlogsDeportes\/estados-unidos-en-bicicleta\/wp-json\/wp\/v2\/types\/page"}],"author":[{"embeddable":true,"href":"https:\/\/www.itxaspe.com\/BlogsDeportes\/estados-unidos-en-bicicleta\/wp-json\/wp\/v2\/users\/1"}],"replies":[{"embeddable":true,"href":"https:\/\/www.itxaspe.com\/BlogsDeportes\/estados-unidos-en-bicicleta\/wp-json\/wp\/v2\/comments?post=141"}],"version-history":[{"count":3,"href":"https:\/\/www.itxaspe.com\/BlogsDeportes\/estados-unidos-en-bicicleta\/wp-json\/wp\/v2\/pages\/141\/revisions"}],"predecessor-version":[{"id":2814,"href":"https:\/\/www.itxaspe.com\/BlogsDeportes\/estados-unidos-en-bicicleta\/wp-json\/wp\/v2\/pages\/141\/revisions\/2814"}],"up":[{"embeddable":true,"href":"https:\/\/www.itxaspe.com\/BlogsDeportes\/estados-unidos-en-bicicleta\/wp-json\/wp\/v2\/pages\/53"}],"wp:attachment":[{"href":"https:\/\/www.itxaspe.com\/BlogsDeportes\/estados-unidos-en-bicicleta\/wp-json\/wp\/v2\/media?parent=141"}],"curies":[{"name":"wp","href":"https:\/\/api.w.org\/{rel}","templated":true}]}}